{"id":63,"date":"2019-09-19T23:48:39","date_gmt":"2019-09-19T20:48:39","guid":{"rendered":"http:\/\/www.jenerasyonajans.com\/?page_id=63"},"modified":"2019-09-28T17:24:36","modified_gmt":"2019-09-28T14:24:36","slug":"kadin","status":"publish","type":"page","link":"https:\/\/www.jenerasyonajans.com\/index.php\/kadin\/","title":{"rendered":"Kad\u0131n"},"content":{"rendered":"<p>[et_pb_section fb_built=&#8221;1&#8243; _builder_version=&#8221;3.29.3&#8243; use_background_color_gradient=&#8221;on&#8221; background_color_gradient_start=&#8221;#ffffff&#8221; background_color_gradient_end=&#8221;rgba(249,182,219,0.36)&#8221; background_color_gradient_direction=&#8221;256deg&#8221; fb_built=&#8221;1&#8243; _i=&#8221;0&#8243; _address=&#8221;0&#8243;][et_pb_row column_structure=&#8221;1_4,1_4,1_4,1_4&#8243; _builder_version=&#8221;3.29.3&#8243; _i=&#8221;0&#8243; _address=&#8221;0.0&#8243;][et_pb_column type=&#8221;1_4&#8243; _builder_version=&#8221;3.29.3&#8243; _i=&#8221;0&#8243; _address=&#8221;0.0.0&#8243;][et_pb_image src=&#8221;http:\/\/www.jenerasyonajans.com\/wp-content\/uploads\/2019\/09\/1-1.jpg&#8221; _builder_version=&#8221;3.29.3&#8243; box_shadow_style=&#8221;preset1&#8243; _i=&#8221;0&#8243; _address=&#8221;0.0.0.0&#8243;][\/et_pb_image][et_pb_text _builder_version=&#8221;3.29.3&#8243; hover_enabled=&#8221;0&#8243; _i=&#8221;1&#8243; _address=&#8221;0.0.0.1&#8243;]<\/p>\n<h3><span>P\u0131nar T.<\/span><\/h3>\n<p><span>BOY:\u00a0<\/span><span>1.82\u00a0\u00a0<\/span><span>G\u00f6\u011f\u00fcs: 91 Bel: 68 Basen:\u00a0 94 Beden: 36 \u2013 38<\/span><\/p>\n<p>[\/et_pb_text][\/et_pb_column][et_pb_column type=&#8221;1_4&#8243; _builder_version=&#8221;3.29.3&#8243; _i=&#8221;1&#8243; _address=&#8221;0.0.1&#8243;][et_pb_image src=&#8221;http:\/\/www.jenerasyonajans.com\/wp-content\/uploads\/2019\/09\/2-1.jpg&#8221; _builder_version=&#8221;3.29.3&#8243; box_shadow_style=&#8221;preset1&#8243; _i=&#8221;0&#8243; _address=&#8221;0.0.1.0&#8243;][\/et_pb_image][et_pb_text _builder_version=&#8221;3.29.3&#8243; hover_enabled=&#8221;0&#8243; _i=&#8221;1&#8243; _address=&#8221;0.0.1.1&#8243;]<\/p>\n<h3><span>Derya D.<\/span><\/h3>\n<p><span>BOY:\u00a0<\/span><span>1.73\u00a0\u00a0<\/span><span>G\u00f6\u011f\u00fcs: 90 Bel: 65 Basen:\u00a0 94 Beden: 38<\/span><\/p>\n<p>[\/et_pb_text][\/et_pb_column][et_pb_column type=&#8221;1_4&#8243; _builder_version=&#8221;3.29.3&#8243; _i=&#8221;2&#8243; _address=&#8221;0.0.2&#8243;][et_pb_image src=&#8221;http:\/\/www.jenerasyonajans.com\/wp-content\/uploads\/2019\/09\/3-1.jpg&#8221; _builder_version=&#8221;3.29.3&#8243; box_shadow_style=&#8221;preset1&#8243; _i=&#8221;0&#8243; _address=&#8221;0.0.2.0&#8243;][\/et_pb_image][et_pb_text _builder_version=&#8221;3.29.3&#8243; hover_enabled=&#8221;0&#8243; _i=&#8221;1&#8243; _address=&#8221;0.0.2.1&#8243;]<\/p>\n<h3><span><\/span>Duygu S.<\/h3>\n<p><span>BOY:\u00a0<\/span><span>1.75\u00a0\u00a0<\/span><span>G\u00f6\u011f\u00fcs: 82 Bel: 66 Basen:\u00a0 94 Beden: 36 \u2013 38<\/span><\/p>\n<p>[\/et_pb_text][\/et_pb_column][et_pb_column type=&#8221;1_4&#8243; _builder_version=&#8221;3.29.3&#8243; _i=&#8221;3&#8243; _address=&#8221;0.0.3&#8243;][et_pb_image src=&#8221;http:\/\/www.jenerasyonajans.com\/wp-content\/uploads\/2019\/09\/4-1.jpg&#8221; _builder_version=&#8221;3.29.3&#8243; box_shadow_style=&#8221;preset1&#8243; _i=&#8221;0&#8243; _address=&#8221;0.0.3.0&#8243;][\/et_pb_image][et_pb_text _builder_version=&#8221;3.29.3&#8243; hover_enabled=&#8221;0&#8243; _i=&#8221;1&#8243; _address=&#8221;0.0.3.1&#8243;]<\/p>\n<h3><span>Melisa \u015e.<\/span><\/h3>\n<p><span>BOY:\u00a0<\/span><span>1.70\u00a0\u00a0<\/span><span>G\u00f6\u011f\u00fcs: 83 Bel: 61 Basen:\u00a0 90 Beden: 36<\/span><\/p>\n<p>[\/et_pb_text][\/et_pb_column][\/et_pb_row][et_pb_row column_structure=&#8221;1_4,1_4,1_4,1_4&#8243; _builder_version=&#8221;3.29.3&#8243; _i=&#8221;1&#8243; _address=&#8221;0.1&#8243;][et_pb_column type=&#8221;1_4&#8243; _builder_version=&#8221;3.29.3&#8243; _i=&#8221;0&#8243; _address=&#8221;0.1.0&#8243;][et_pb_image src=&#8221;http:\/\/www.jenerasyonajans.com\/wp-content\/uploads\/2019\/09\/5-2.jpg&#8221; _builder_version=&#8221;3.29.3&#8243; box_shadow_style=&#8221;preset1&#8243; _i=&#8221;0&#8243; _address=&#8221;0.1.0.0&#8243;][\/et_pb_image][et_pb_text _builder_version=&#8221;3.29.3&#8243; hover_enabled=&#8221;0&#8243; _i=&#8221;1&#8243; _address=&#8221;0.1.0.1&#8243;]<\/p>\n<h3><span>Melike \u015e.<\/span><\/h3>\n<p><span>BOY:\u00a0<\/span><span>1.78\u00a0\u00a0<\/span><span>G\u00f6\u011f\u00fcs: 85 Bel: 63 Basen:\u00a0 92 Beden: 36 \u2013 38<\/span><\/p>\n<p>[\/et_pb_text][\/et_pb_column][et_pb_column type=&#8221;1_4&#8243; _builder_version=&#8221;3.29.3&#8243; _i=&#8221;1&#8243; _address=&#8221;0.1.1&#8243;][et_pb_image src=&#8221;http:\/\/www.jenerasyonajans.com\/wp-content\/uploads\/2019\/09\/6-1.jpg&#8221; _builder_version=&#8221;3.29.3&#8243; box_shadow_style=&#8221;preset1&#8243; _i=&#8221;0&#8243; _address=&#8221;0.1.1.0&#8243;][\/et_pb_image][et_pb_text _builder_version=&#8221;3.29.3&#8243; hover_enabled=&#8221;0&#8243; _i=&#8221;1&#8243; _address=&#8221;0.1.1.1&#8243;]<\/p>\n<h3>Alina G.<\/h3>\n<p><span>BOY:\u00a0<\/span><span>1.75\u00a0\u00a0<\/span><span>G\u00f6\u011f\u00fcs: 83 Bel: 65 Basen:\u00a0 95 Beden: 36 \u2013 38<\/span><\/p>\n<p>[\/et_pb_text][\/et_pb_column][et_pb_column type=&#8221;1_4&#8243; _builder_version=&#8221;3.29.3&#8243; _i=&#8221;2&#8243; _address=&#8221;0.1.2&#8243;][et_pb_image src=&#8221;http:\/\/www.jenerasyonajans.com\/wp-content\/uploads\/2019\/09\/7-1.jpg&#8221; _builder_version=&#8221;3.29.3&#8243; box_shadow_style=&#8221;preset1&#8243; _i=&#8221;0&#8243; _address=&#8221;0.1.2.0&#8243;][\/et_pb_image][et_pb_text _builder_version=&#8221;3.29.3&#8243; hover_enabled=&#8221;0&#8243; _i=&#8221;1&#8243; _address=&#8221;0.1.2.1&#8243;]<\/p>\n<h3>Beng\u00fc B.<\/h3>\n<p><span>BOY:\u00a0<\/span><span>1.70\u00a0\u00a0<\/span><span>G\u00f6\u011f\u00fcs: 85 Bel: 63 Basen:\u00a0 90 Beden: 36 \u2013 38<\/span><\/p>\n<p>[\/et_pb_text][\/et_pb_column][et_pb_column type=&#8221;1_4&#8243; _builder_version=&#8221;3.29.3&#8243; _i=&#8221;3&#8243; _address=&#8221;0.1.3&#8243;][et_pb_image src=&#8221;http:\/\/www.jenerasyonajans.com\/wp-content\/uploads\/2019\/09\/8-1.jpg&#8221; _builder_version=&#8221;3.29.3&#8243; box_shadow_style=&#8221;preset1&#8243; _i=&#8221;0&#8243; _address=&#8221;0.1.3.0&#8243;][\/et_pb_image][et_pb_text _builder_version=&#8221;3.29.3&#8243; hover_enabled=&#8221;0&#8243; _i=&#8221;1&#8243; _address=&#8221;0.1.3.1&#8243;]<\/p>\n<h3><span>Bur\u00e7ak A.<\/span><\/h3>\n<p><span>BOY:\u00a0<\/span><span>1.73\u00a0\u00a0<\/span><span>G\u00f6\u011f\u00fcs: 91 Bel: 72 Basen:\u00a0 99 Beden: 38<\/span><\/p>\n<p>[\/et_pb_text][\/et_pb_column][\/et_pb_row][et_pb_row column_structure=&#8221;1_4,1_4,1_4,1_4&#8243; _builder_version=&#8221;3.29.3&#8243; _i=&#8221;2&#8243; _address=&#8221;0.2&#8243;][et_pb_column type=&#8221;1_4&#8243; _builder_version=&#8221;3.29.3&#8243; _i=&#8221;0&#8243; _address=&#8221;0.2.0&#8243;][et_pb_image src=&#8221;http:\/\/www.jenerasyonajans.com\/wp-content\/uploads\/2019\/09\/9-1.jpg&#8221; _builder_version=&#8221;3.29.3&#8243; box_shadow_style=&#8221;preset1&#8243; _i=&#8221;0&#8243; _address=&#8221;0.2.0.0&#8243;][\/et_pb_image][et_pb_text _builder_version=&#8221;3.29.3&#8243; hover_enabled=&#8221;0&#8243; _i=&#8221;1&#8243; _address=&#8221;0.2.0.1&#8243;]<\/p>\n<h3><span>Duygu S.<\/span><\/h3>\n<p><span>BOY:\u00a0<\/span><span>1.78\u00a0\u00a0<\/span><span>G\u00f6\u011f\u00fcs: 75 Bel: 61 Basen:\u00a0 91 Beden: 36<\/span><\/p>\n<p>[\/et_pb_text][\/et_pb_column][et_pb_column type=&#8221;1_4&#8243; _builder_version=&#8221;3.29.3&#8243; _i=&#8221;1&#8243; _address=&#8221;0.2.1&#8243;][et_pb_image src=&#8221;http:\/\/www.jenerasyonajans.com\/wp-content\/uploads\/2019\/09\/10-1.jpg&#8221; _builder_version=&#8221;3.29.3&#8243; box_shadow_style=&#8221;preset1&#8243; _i=&#8221;0&#8243; _address=&#8221;0.2.1.0&#8243;][\/et_pb_image][et_pb_text _builder_version=&#8221;3.29.3&#8243; hover_enabled=&#8221;0&#8243; _i=&#8221;1&#8243; _address=&#8221;0.2.1.1&#8243;]<\/p>\n<h3><span>Gamze E.<\/span><\/h3>\n<p><span>BOY:\u00a0<\/span><span>1.78\u00a0\u00a0<\/span><span>G\u00f6\u011f\u00fcs: 85 Bel: 62 Basen:\u00a0 85 Beden: 36<\/span><\/p>\n<p>[\/et_pb_text][\/et_pb_column][et_pb_column type=&#8221;1_4&#8243; _builder_version=&#8221;3.29.3&#8243; _i=&#8221;2&#8243; _address=&#8221;0.2.2&#8243;][et_pb_image src=&#8221;http:\/\/www.jenerasyonajans.com\/wp-content\/uploads\/2019\/09\/11-1.jpg&#8221; _builder_version=&#8221;3.29.3&#8243; box_shadow_style=&#8221;preset1&#8243; _i=&#8221;0&#8243; _address=&#8221;0.2.2.0&#8243;][\/et_pb_image][et_pb_text _builder_version=&#8221;3.29.3&#8243; hover_enabled=&#8221;0&#8243; _i=&#8221;1&#8243; _address=&#8221;0.2.2.1&#8243;]<\/p>\n<h3><span>Gizem S.<\/span><\/h3>\n<p><span>BOY:\u00a0<\/span><span>1.86\u00a0\u00a0<\/span><span>G\u00f6\u011f\u00fcs: 83 Bel: 65 Basen:\u00a0 95 Beden: 36 \u2013 38<\/span><\/p>\n<p>[\/et_pb_text][\/et_pb_column][et_pb_column type=&#8221;1_4&#8243; _builder_version=&#8221;3.29.3&#8243; _i=&#8221;3&#8243; _address=&#8221;0.2.3&#8243;][et_pb_image src=&#8221;http:\/\/www.jenerasyonajans.com\/wp-content\/uploads\/2019\/09\/12-1.jpg&#8221; _builder_version=&#8221;3.29.3&#8243; box_shadow_style=&#8221;preset1&#8243; _i=&#8221;0&#8243; _address=&#8221;0.2.3.0&#8243;][\/et_pb_image][et_pb_text _builder_version=&#8221;3.29.3&#8243; hover_enabled=&#8221;0&#8243; _i=&#8221;1&#8243; _address=&#8221;0.2.3.1&#8243;]<\/p>\n<h3><span>Tu\u011f\u00e7e \u0130.<\/span><\/h3>\n<p><span>BOY:\u00a0<\/span><span>1.73\u00a0\u00a0<\/span><span>G\u00f6\u011f\u00fcs: 75 Bel: 67 Basen:\u00a0 92 Beden: 36<\/span><\/p>\n<p>[\/et_pb_text][\/et_pb_column][\/et_pb_row][\/et_pb_section]<\/p>\n","protected":false},"excerpt":{"rendered":"<p>[et_pb_section fb_built=&#8221;1&#8243; _builder_version=&#8221;3.29.3&#8243; use_background_color_gradient=&#8221;on&#8221; background_color_gradient_start=&#8221;#ffffff&#8221; background_color_gradient_end=&#8221;rgba(249,182,219,0.36)&#8221; background_color_gradient_direction=&#8221;256deg&#8221; fb_built=&#8221;1&#8243; _i=&#8221;0&#8243; _address=&#8221;0&#8243;][et_pb_row column_structure=&#8221;1_4,1_4,1_4,1_4&#8243; _builder_version=&#8221;3.29.3&#8243; _i=&#8221;0&#8243; _address=&#8221;0.0&#8243;][et_pb_column type=&#8221;1_4&#8243; _builder_version=&#8221;3.29.3&#8243; _i=&#8221;0&#8243; _address=&#8221;0.0.0&#8243;][et_pb_image src=&#8221;http:\/\/www.jenerasyonajans.com\/wp-content\/uploads\/2019\/09\/1-1.jpg&#8221; _builder_version=&#8221;3.29.3&#8243; box_shadow_style=&#8221;preset1&#8243; _i=&#8221;0&#8243; _address=&#8221;0.0.0.0&#8243;][\/et_pb_image][et_pb_text _builder_version=&#8221;3.29.3&#8243; hover_enabled=&#8221;0&#8243; _i=&#8221;1&#8243; _address=&#8221;0.0.0.1&#8243;] P\u0131nar T. BOY:\u00a01.82\u00a0\u00a0G\u00f6\u011f\u00fcs: 91 Bel: 68 Basen:\u00a0 94 Beden: 36 \u2013 38 [\/et_pb_text][\/et_pb_column][et_pb_column type=&#8221;1_4&#8243; _builder_version=&#8221;3.29.3&#8243; _i=&#8221;1&#8243; _address=&#8221;0.0.1&#8243;][et_pb_image src=&#8221;http:\/\/www.jenerasyonajans.com\/wp-content\/uploads\/2019\/09\/2-1.jpg&#8221; _builder_version=&#8221;3.29.3&#8243; box_shadow_style=&#8221;preset1&#8243; _i=&#8221;0&#8243; _address=&#8221;0.0.1.0&#8243;][\/et_pb_image][et_pb_text _builder_version=&#8221;3.29.3&#8243; hover_enabled=&#8221;0&#8243; _i=&#8221;1&#8243; _address=&#8221;0.0.1.1&#8243;] Derya D. [&hellip;]<\/p>\n","protected":false},"author":1,"featured_media":0,"parent":0,"menu_order":0,"comment_status":"closed","ping_status":"closed","template":"","meta":{"_et_pb_use_builder":"on","_et_pb_old_content":"<!-- wp:divi\/placeholder \/-->","footnotes":""},"class_list":["post-63","page","type-page","status-publish","hentry"],"_links":{"self":[{"href":"https:\/\/www.jenerasyonajans.com\/index.php\/wp-json\/wp\/v2\/pages\/63"}],"collection":[{"href":"https:\/\/www.jenerasyonajans.com\/index.php\/wp-json\/wp\/v2\/pages"}],"about":[{"href":"https:\/\/www.jenerasyonajans.com\/index.php\/wp-json\/wp\/v2\/types\/page"}],"author":[{"embeddable":true,"href":"https:\/\/www.jenerasyonajans.com\/index.php\/wp-json\/wp\/v2\/users\/1"}],"replies":[{"embeddable":true,"href":"https:\/\/www.jenerasyonajans.com\/index.php\/wp-json\/wp\/v2\/comments?post=63"}],"version-history":[{"count":7,"href":"https:\/\/www.jenerasyonajans.com\/index.php\/wp-json\/wp\/v2\/pages\/63\/revisions"}],"predecessor-version":[{"id":315,"href":"https:\/\/www.jenerasyonajans.com\/index.php\/wp-json\/wp\/v2\/pages\/63\/revisions\/315"}],"wp:attachment":[{"href":"https:\/\/www.jenerasyonajans.com\/index.php\/wp-json\/wp\/v2\/media?parent=63"}],"curies":[{"name":"wp","href":"https:\/\/api.w.org\/{rel}","templated":true}]}}