{"id":61,"date":"2019-09-19T23:48:21","date_gmt":"2019-09-19T20:48:21","guid":{"rendered":"http:\/\/www.jenerasyonajans.com\/?page_id=61"},"modified":"2025-09-16T13:26:06","modified_gmt":"2025-09-16T10:26:06","slug":"iletisim","status":"publish","type":"page","link":"https:\/\/www.jenerasyonajans.com\/index.php\/iletisim\/","title":{"rendered":"\u0130leti\u015fim"},"content":{"rendered":"<p>[et_pb_section fb_built=&#8221;1&#8243; _builder_version=&#8221;3.29.3&#8243; fb_built=&#8221;1&#8243; _i=&#8221;0&#8243; _address=&#8221;0&#8243;][et_pb_row _builder_version=&#8221;3.29.3&#8243; _i=&#8221;0&#8243; _address=&#8221;0.0&#8243;][et_pb_column type=&#8221;4_4&#8243; _builder_version=&#8221;3.29.3&#8243; _i=&#8221;0&#8243; _address=&#8221;0.0.0&#8243;][et_pb_text _builder_version=&#8221;3.29.3&#8243; _i=&#8221;0&#8243; _address=&#8221;0.0.0.0&#8243;]<\/p>\n<h1 style=\"text-align: center;\"><strong>Bizimle \u0130leti\u015fime Ge\u00e7in !!<\/strong><\/h1>\n<p>[\/et_pb_text][\/et_pb_column][\/et_pb_row][et_pb_row _builder_version=&#8221;3.29.3&#8243; custom_margin=&#8221;|134px||auto||&#8221; _i=&#8221;1&#8243; _address=&#8221;0.1&#8243;][et_pb_column type=&#8221;4_4&#8243; _builder_version=&#8221;3.29.3&#8243; _i=&#8221;0&#8243; _address=&#8221;0.1.0&#8243;][et_pb_contact_form email=&#8221;info@jenerasyonajans.com&#8221; _builder_version=&#8221;3.29.3&#8243; captcha_font=&#8221;|600|||||||&#8221; captcha_text_color=&#8221;#000000&#8243; captcha_font_size=&#8221;21px&#8221; captcha_letter_spacing=&#8221;2px&#8221; form_field_font=&#8221;||||||||&#8221; custom_button=&#8221;on&#8221; button_text_size=&#8221;16px&#8221; button_text_color=&#8221;#000000&#8243; button_bg_use_color_gradient=&#8221;on&#8221; button_bg_color_gradient_start=&#8221;rgba(84,84,84,0.26)&#8221; button_bg_color_gradient_end=&#8221;#ffffff&#8221; button_bg_color_gradient_direction=&#8221;149deg&#8221; button_bg_color_gradient_end_position=&#8221;88%&#8221; button_border_width=&#8221;1px&#8221; button_border_color=&#8221;#000000&#8243; button_border_radius=&#8221;58px&#8221; button_font=&#8221;|600|||||||&#8221; button_icon=&#8221;%%202%%&#8221; button_icon_color=&#8221;#0c71c3&#8243; captcha_text_shadow_style=&#8221;preset3&#8243; box_shadow_style=&#8221;preset1&#8243; box_shadow_vertical=&#8221;5px&#8221; box_shadow_blur=&#8221;9px&#8221; box_shadow_style_button=&#8221;preset6&#8243; box_shadow_position_button=&#8221;outer&#8221; _i=&#8221;0&#8243; _address=&#8221;0.1.0.0&#8243;][et_pb_contact_field field_id=&#8221;Name&#8221; field_title=&#8221;\u0130sim&#8221; _builder_version=&#8221;3.16&#8243; _i=&#8221;0&#8243; _address=&#8221;0.1.0.0.0&#8243; button_text_size__hover_enabled=&#8221;off&#8221; button_one_text_size__hover_enabled=&#8221;off&#8221; button_two_text_size__hover_enabled=&#8221;off&#8221; button_text_color__hover_enabled=&#8221;off&#8221; button_one_text_color__hover_enabled=&#8221;off&#8221; button_two_text_color__hover_enabled=&#8221;off&#8221; button_border_width__hover_enabled=&#8221;off&#8221; button_one_border_width__hover_enabled=&#8221;off&#8221; button_two_border_width__hover_enabled=&#8221;off&#8221; button_border_color__hover_enabled=&#8221;off&#8221; button_one_border_color__hover_enabled=&#8221;off&#8221; button_two_border_color__hover_enabled=&#8221;off&#8221; button_border_radius__hover_enabled=&#8221;off&#8221; button_one_border_radius__hover_enabled=&#8221;off&#8221; button_two_border_radius__hover_enabled=&#8221;off&#8221; button_letter_spacing__hover_enabled=&#8221;off&#8221; button_one_letter_spacing__hover_enabled=&#8221;off&#8221; button_two_letter_spacing__hover_enabled=&#8221;off&#8221; button_bg_color__hover_enabled=&#8221;off&#8221; button_one_bg_color__hover_enabled=&#8221;off&#8221; button_two_bg_color__hover_enabled=&#8221;off&#8221;][\/et_pb_contact_field][et_pb_contact_field field_id=&#8221;Email&#8221; field_title=&#8221;E-posta adresi&#8221; field_type=&#8221;email&#8221; _builder_version=&#8221;3.16&#8243; _i=&#8221;1&#8243; _address=&#8221;0.1.0.0.1&#8243; button_text_size__hover_enabled=&#8221;off&#8221; button_one_text_size__hover_enabled=&#8221;off&#8221; button_two_text_size__hover_enabled=&#8221;off&#8221; button_text_color__hover_enabled=&#8221;off&#8221; button_one_text_color__hover_enabled=&#8221;off&#8221; button_two_text_color__hover_enabled=&#8221;off&#8221; button_border_width__hover_enabled=&#8221;off&#8221; button_one_border_width__hover_enabled=&#8221;off&#8221; button_two_border_width__hover_enabled=&#8221;off&#8221; button_border_color__hover_enabled=&#8221;off&#8221; button_one_border_color__hover_enabled=&#8221;off&#8221; button_two_border_color__hover_enabled=&#8221;off&#8221; button_border_radius__hover_enabled=&#8221;off&#8221; button_one_border_radius__hover_enabled=&#8221;off&#8221; button_two_border_radius__hover_enabled=&#8221;off&#8221; button_letter_spacing__hover_enabled=&#8221;off&#8221; button_one_letter_spacing__hover_enabled=&#8221;off&#8221; button_two_letter_spacing__hover_enabled=&#8221;off&#8221; button_bg_color__hover_enabled=&#8221;off&#8221; button_one_bg_color__hover_enabled=&#8221;off&#8221; button_two_bg_color__hover_enabled=&#8221;off&#8221;][\/et_pb_contact_field][et_pb_contact_field field_id=&#8221;Message&#8221; field_title=&#8221;Mesaj&#8221; field_type=&#8221;text&#8221; fullwidth_field=&#8221;on&#8221; _builder_version=&#8221;3.16&#8243; _i=&#8221;2&#8243; _address=&#8221;0.1.0.0.2&#8243; button_text_size__hover_enabled=&#8221;off&#8221; button_one_text_size__hover_enabled=&#8221;off&#8221; button_two_text_size__hover_enabled=&#8221;off&#8221; button_text_color__hover_enabled=&#8221;off&#8221; button_one_text_color__hover_enabled=&#8221;off&#8221; button_two_text_color__hover_enabled=&#8221;off&#8221; button_border_width__hover_enabled=&#8221;off&#8221; button_one_border_width__hover_enabled=&#8221;off&#8221; button_two_border_width__hover_enabled=&#8221;off&#8221; button_border_color__hover_enabled=&#8221;off&#8221; button_one_border_color__hover_enabled=&#8221;off&#8221; button_two_border_color__hover_enabled=&#8221;off&#8221; button_border_radius__hover_enabled=&#8221;off&#8221; button_one_border_radius__hover_enabled=&#8221;off&#8221; button_two_border_radius__hover_enabled=&#8221;off&#8221; button_letter_spacing__hover_enabled=&#8221;off&#8221; button_one_letter_spacing__hover_enabled=&#8221;off&#8221; button_two_letter_spacing__hover_enabled=&#8221;off&#8221; button_bg_color__hover_enabled=&#8221;off&#8221; button_one_bg_color__hover_enabled=&#8221;off&#8221; button_two_bg_color__hover_enabled=&#8221;off&#8221;][\/et_pb_contact_field][\/et_pb_contact_form][et_pb_map google_api_key=&#8221;AIzaSyCPBTYfyfnORC_4Ud6SaG0j1w35h9vj3Sg&#8221; address=&#8221;Folkart Towers, Adalet Mah., Manas Bulvar\u0131 No:39 B Blok K:34, 3408 Bayrakl\u0131, T\u00fcrkiye&#8221; address_lat=&#8221;38.4538&#8243; address_lng=&#8221;27.1777&#8243; _builder_version=&#8221;3.29.3&#8243; hover_enabled=&#8221;0&#8243; box_shadow_style=&#8221;preset1&#8243; _i=&#8221;1&#8243; _address=&#8221;0.1.0.1&#8243;][et_pb_map_pin title=&#8221;Jenerasyon Ajans&#8221; pin_address=&#8221;Folkart Towers, Adalet Mah., Manas Bulvar\u0131 No:39 B Blok K:31, 35580 Bayrakl\u0131, T\u00fcrkiye&#8221; pin_address_lat=&#8221;38.4538&#8243; pin_address_lng=&#8221;27.1777&#8243; _builder_version=&#8221;3.29.3&#8243; hover_enabled=&#8221;0&#8243; _i=&#8221;0&#8243; _address=&#8221;0.1.0.1.0&#8243;][\/et_pb_map_pin][\/et_pb_map][et_pb_text _builder_version=&#8221;3.29.3&#8243; use_background_color_gradient=&#8221;on&#8221; background_color_gradient_start=&#8221;#ffffff&#8221; background_color_gradient_end=&#8221;rgba(0,0,0,0.09)&#8221; box_shadow_style=&#8221;preset1&#8243; _i=&#8221;2&#8243; _address=&#8221;0.1.0.2&#8243;]<\/p>\n<p style=\"text-align: center;\"><span>\u00a0Jenerasyon Ajans<\/span><br \/><span>Manas Bulvar\u0131 No:39 Folkart Towers Business Centre B Blok K.34 \/ D.3408<\/span><\/p>\n<p>&nbsp;<\/p>\n<p style=\"text-align: center;\">+90 232\u00a0<span>\u00a0441 63 97<\/span><br \/> +90 532 501 13 86<\/p>\n<p style=\"text-align: center;\"><a href=\"mailto:contact@jenerasyonajans.com\">contact@jenerasyonajans.com<\/a>\u00a0 \u00a0 \u00a0 \u00a0 \u00a0 \u00a0 \u00a0 jenerasyonajans35@gmail..com<\/p>\n<p>[\/et_pb_text][\/et_pb_column][\/et_pb_row][\/et_pb_section]<\/p>\n","protected":false},"excerpt":{"rendered":"<p>[et_pb_section fb_built=&#8221;1&#8243; _builder_version=&#8221;3.29.3&#8243; fb_built=&#8221;1&#8243; _i=&#8221;0&#8243; _address=&#8221;0&#8243;][et_pb_row _builder_version=&#8221;3.29.3&#8243; _i=&#8221;0&#8243; _address=&#8221;0.0&#8243;][et_pb_column type=&#8221;4_4&#8243; _builder_version=&#8221;3.29.3&#8243; _i=&#8221;0&#8243; _address=&#8221;0.0.0&#8243;][et_pb_text _builder_version=&#8221;3.29.3&#8243; _i=&#8221;0&#8243; _address=&#8221;0.0.0.0&#8243;] Bizimle \u0130leti\u015fime Ge\u00e7in !! [\/et_pb_text][\/et_pb_column][\/et_pb_row][et_pb_row _builder_version=&#8221;3.29.3&#8243; custom_margin=&#8221;|134px||auto||&#8221; _i=&#8221;1&#8243; _address=&#8221;0.1&#8243;][et_pb_column type=&#8221;4_4&#8243; _builder_version=&#8221;3.29.3&#8243; _i=&#8221;0&#8243; _address=&#8221;0.1.0&#8243;][et_pb_contact_form email=&#8221;info@jenerasyonajans.com&#8221; _builder_version=&#8221;3.29.3&#8243; captcha_font=&#8221;|600|||||||&#8221; captcha_text_color=&#8221;#000000&#8243; captcha_font_size=&#8221;21px&#8221; captcha_letter_spacing=&#8221;2px&#8221; form_field_font=&#8221;||||||||&#8221; custom_button=&#8221;on&#8221; button_text_size=&#8221;16px&#8221; button_text_color=&#8221;#000000&#8243; button_bg_use_color_gradient=&#8221;on&#8221; button_bg_color_gradient_start=&#8221;rgba(84,84,84,0.26)&#8221; button_bg_color_gradient_end=&#8221;#ffffff&#8221; button_bg_color_gradient_direction=&#8221;149deg&#8221; button_bg_color_gradient_end_position=&#8221;88%&#8221; button_border_width=&#8221;1px&#8221; button_border_color=&#8221;#000000&#8243; button_border_radius=&#8221;58px&#8221; button_font=&#8221;|600|||||||&#8221; button_icon=&#8221;%%202%%&#8221; button_icon_color=&#8221;#0c71c3&#8243; captcha_text_shadow_style=&#8221;preset3&#8243; box_shadow_style=&#8221;preset1&#8243; box_shadow_vertical=&#8221;5px&#8221; box_shadow_blur=&#8221;9px&#8221; box_shadow_style_button=&#8221;preset6&#8243; [&hellip;]<\/p>\n","protected":false},"author":1,"featured_media":0,"parent":0,"menu_order":0,"comment_status":"closed","ping_status":"closed","template":"","meta":{"_et_pb_use_builder":"on","_et_pb_old_content":"<!-- wp:divi\/placeholder \/-->","footnotes":""},"class_list":["post-61","page","type-page","status-publish","hentry"],"_links":{"self":[{"href":"https:\/\/www.jenerasyonajans.com\/index.php\/wp-json\/wp\/v2\/pages\/61"}],"collection":[{"href":"https:\/\/www.jenerasyonajans.com\/index.php\/wp-json\/wp\/v2\/pages"}],"about":[{"href":"https:\/\/www.jenerasyonajans.com\/index.php\/wp-json\/wp\/v2\/types\/page"}],"author":[{"embeddable":true,"href":"https:\/\/www.jenerasyonajans.com\/index.php\/wp-json\/wp\/v2\/users\/1"}],"replies":[{"embeddable":true,"href":"https:\/\/www.jenerasyonajans.com\/index.php\/wp-json\/wp\/v2\/comments?post=61"}],"version-history":[{"count":10,"href":"https:\/\/www.jenerasyonajans.com\/index.php\/wp-json\/wp\/v2\/pages\/61\/revisions"}],"predecessor-version":[{"id":705,"href":"https:\/\/www.jenerasyonajans.com\/index.php\/wp-json\/wp\/v2\/pages\/61\/revisions\/705"}],"wp:attachment":[{"href":"https:\/\/www.jenerasyonajans.com\/index.php\/wp-json\/wp\/v2\/media?parent=61"}],"curies":[{"name":"wp","href":"https:\/\/api.w.org\/{rel}","templated":true}]}}