{"id":59,"date":"2019-09-19T23:48:02","date_gmt":"2019-09-19T20:48:02","guid":{"rendered":"http:\/\/www.jenerasyonajans.com\/?page_id=59"},"modified":"2021-03-28T10:10:13","modified_gmt":"2021-03-28T07:10:13","slug":"hakkimizda","status":"publish","type":"page","link":"https:\/\/www.jenerasyonajans.com\/index.php\/hakkimizda\/","title":{"rendered":"Hakk\u0131m\u0131zda"},"content":{"rendered":"<p>[et_pb_section fb_built=&#8221;1&#8243; _builder_version=&#8221;3.29.3&#8243; fb_built=&#8221;1&#8243; _i=&#8221;0&#8243; _address=&#8221;0&#8243;][et_pb_row column_structure=&#8221;1_2,1_2&#8243; _builder_version=&#8221;3.29.3&#8243; _i=&#8221;0&#8243; _address=&#8221;0.0&#8243;][et_pb_column type=&#8221;1_2&#8243; _builder_version=&#8221;3.29.3&#8243; _i=&#8221;0&#8243; _address=&#8221;0.0.0&#8243;][et_pb_image src=&#8221;http:\/\/www.jenerasyonajans.com\/wp-content\/uploads\/2019\/09\/3d-glass-window-logo-mockup.jpg&#8221; _builder_version=&#8221;3.29.3&#8243; _i=&#8221;0&#8243; _address=&#8221;0.0.0.0&#8243;][\/et_pb_image][\/et_pb_column][et_pb_column type=&#8221;1_2&#8243; _builder_version=&#8221;3.29.3&#8243; _i=&#8221;1&#8243; _address=&#8221;0.0.1&#8243;][et_pb_text _builder_version=&#8221;3.29.3&#8243; _i=&#8221;0&#8243; _address=&#8221;0.0.1.0&#8243;]<\/p>\n<h1><strong>Jenerasyon Ajans<\/strong><\/h1>\n<p>[\/et_pb_text][et_pb_text _builder_version=&#8221;3.29.3&#8243; _i=&#8221;1&#8243; _address=&#8221;0.0.1.1&#8243;]<\/p>\n<p><span>Ekibimiz, \u00f6zetinizi hayata ge\u00e7irme konusunda ba\u015far\u0131l\u0131.<\/span><br \/><span>Hedeflerinizi dinliyor ve onlar\u0131n ger\u00e7ekle\u015fmesi i\u00e7in sizinle birlikte \u00e7al\u0131\u015f\u0131yoruz.<\/span><\/p>\n<p><span>10 y\u0131ldan fazla bir s\u00fcredir m\u00fc\u015fterileri ile irili ufakl\u0131 projeler \u00fczerinde \u00e7al\u0131\u015f\u0131yoruz.<\/span><\/p>\n<p><span>Jenerasyon Ajans Y\u00f6netimi, T\u00fcrkiye\u2019nin \u00f6nde gelen butik modelleme ajanslar\u0131ndan biridir.<\/span><\/p>\n<p><span>Sonu\u00e7 olarak, Bizimle\u00a0<\/span><span>\u0130leti\u015fime ge\u00e7mekten \u00e7ekinmeyin, t\u00fcm fikirlerinizi duymay\u0131 ve elimizden geldi\u011fince yard\u0131m etmeyi\u00a0<\/span><span>seviyoruz. <\/span><\/p>\n<p><span>Size bir telefon kadar yak\u0131n\u0131z, Bize \u0130leti\u015fim sayfam\u0131z\u0131 ziyaret ederek ula\u015fabilirsiniz.<\/span><\/p>\n<p>[\/et_pb_text][\/et_pb_column][\/et_pb_row][\/et_pb_section]<\/p>\n","protected":false},"excerpt":{"rendered":"<p>[et_pb_section fb_built=&#8221;1&#8243; _builder_version=&#8221;3.29.3&#8243; fb_built=&#8221;1&#8243; _i=&#8221;0&#8243; _address=&#8221;0&#8243;][et_pb_row column_structure=&#8221;1_2,1_2&#8243; _builder_version=&#8221;3.29.3&#8243; _i=&#8221;0&#8243; _address=&#8221;0.0&#8243;][et_pb_column type=&#8221;1_2&#8243; _builder_version=&#8221;3.29.3&#8243; _i=&#8221;0&#8243; _address=&#8221;0.0.0&#8243;][et_pb_image src=&#8221;http:\/\/www.jenerasyonajans.com\/wp-content\/uploads\/2019\/09\/3d-glass-window-logo-mockup.jpg&#8221; _builder_version=&#8221;3.29.3&#8243; _i=&#8221;0&#8243; _address=&#8221;0.0.0.0&#8243;][\/et_pb_image][\/et_pb_column][et_pb_column type=&#8221;1_2&#8243; _builder_version=&#8221;3.29.3&#8243; _i=&#8221;1&#8243; _address=&#8221;0.0.1&#8243;][et_pb_text _builder_version=&#8221;3.29.3&#8243; _i=&#8221;0&#8243; _address=&#8221;0.0.1.0&#8243;] Jenerasyon Ajans [\/et_pb_text][et_pb_text _builder_version=&#8221;3.29.3&#8243; _i=&#8221;1&#8243; _address=&#8221;0.0.1.1&#8243;] Ekibimiz, \u00f6zetinizi hayata ge\u00e7irme konusunda ba\u015far\u0131l\u0131.Hedeflerinizi dinliyor ve onlar\u0131n ger\u00e7ekle\u015fmesi i\u00e7in sizinle birlikte \u00e7al\u0131\u015f\u0131yoruz. 10 y\u0131ldan fazla bir s\u00fcredir m\u00fc\u015fterileri ile irili ufakl\u0131 projeler [&hellip;]<\/p>\n","protected":false},"author":1,"featured_media":0,"parent":0,"menu_order":0,"comment_status":"closed","ping_status":"closed","template":"","meta":{"_et_pb_use_builder":"on","_et_pb_old_content":"<!-- wp:divi\/placeholder \/-->","footnotes":""},"class_list":["post-59","page","type-page","status-publish","hentry"],"_links":{"self":[{"href":"https:\/\/www.jenerasyonajans.com\/index.php\/wp-json\/wp\/v2\/pages\/59"}],"collection":[{"href":"https:\/\/www.jenerasyonajans.com\/index.php\/wp-json\/wp\/v2\/pages"}],"about":[{"href":"https:\/\/www.jenerasyonajans.com\/index.php\/wp-json\/wp\/v2\/types\/page"}],"author":[{"embeddable":true,"href":"https:\/\/www.jenerasyonajans.com\/index.php\/wp-json\/wp\/v2\/users\/1"}],"replies":[{"embeddable":true,"href":"https:\/\/www.jenerasyonajans.com\/index.php\/wp-json\/wp\/v2\/comments?post=59"}],"version-history":[{"count":4,"href":"https:\/\/www.jenerasyonajans.com\/index.php\/wp-json\/wp\/v2\/pages\/59\/revisions"}],"predecessor-version":[{"id":410,"href":"https:\/\/www.jenerasyonajans.com\/index.php\/wp-json\/wp\/v2\/pages\/59\/revisions\/410"}],"wp:attachment":[{"href":"https:\/\/www.jenerasyonajans.com\/index.php\/wp-json\/wp\/v2\/media?parent=59"}],"curies":[{"name":"wp","href":"https:\/\/api.w.org\/{rel}","templated":true}]}}