{"id":57,"date":"2019-09-19T23:47:46","date_gmt":"2019-09-19T20:47:46","guid":{"rendered":"http:\/\/www.jenerasyonajans.com\/?page_id=57"},"modified":"2019-09-28T17:14:01","modified_gmt":"2019-09-28T14:14:01","slug":"erkek","status":"publish","type":"page","link":"https:\/\/www.jenerasyonajans.com\/index.php\/erkek\/","title":{"rendered":"Erkek"},"content":{"rendered":"<p>[et_pb_section fb_built=&#8221;1&#8243; _builder_version=&#8221;3.29.3&#8243; use_background_color_gradient=&#8221;on&#8221; background_color_gradient_start=&#8221;#ffffff&#8221; background_color_gradient_end=&#8221;rgba(118,166,193,0.61)&#8221; background_color_gradient_direction=&#8221;116deg&#8221; fb_built=&#8221;1&#8243; _i=&#8221;0&#8243; _address=&#8221;0&#8243;][et_pb_row column_structure=&#8221;1_4,1_4,1_4,1_4&#8243; _builder_version=&#8221;3.29.3&#8243; _i=&#8221;0&#8243; _address=&#8221;0.0&#8243;][et_pb_column type=&#8221;1_4&#8243; _builder_version=&#8221;3.29.3&#8243; _i=&#8221;0&#8243; _address=&#8221;0.0.0&#8243;][et_pb_image src=&#8221;http:\/\/www.jenerasyonajans.com\/wp-content\/uploads\/2019\/09\/1-2.jpg&#8221; _builder_version=&#8221;3.29.3&#8243; box_shadow_style=&#8221;preset1&#8243; _i=&#8221;0&#8243; _address=&#8221;0.0.0.0&#8243;][\/et_pb_image][et_pb_text _builder_version=&#8221;3.29.3&#8243; hover_enabled=&#8221;0&#8243; _i=&#8221;1&#8243; _address=&#8221;0.0.0.1&#8243;]<\/p>\n<h3><span>\u00c7a\u011fr\u0131 \u0130.<\/span><\/h3>\n<p><span>BOY:\u00a0<\/span><span>1.85\u00a0 \u00a0\u00a0<\/span><span>Kilo: 84\u00a0 \u00a0Ayak: 45\u00a0<\/span><\/p>\n<p>[\/et_pb_text][\/et_pb_column][et_pb_column type=&#8221;1_4&#8243; _builder_version=&#8221;3.29.3&#8243; _i=&#8221;1&#8243; _address=&#8221;0.0.1&#8243;][et_pb_image src=&#8221;http:\/\/www.jenerasyonajans.com\/wp-content\/uploads\/2019\/09\/9-2.jpg&#8221; _builder_version=&#8221;3.29.3&#8243; box_shadow_style=&#8221;preset1&#8243; _i=&#8221;0&#8243; _address=&#8221;0.0.1.0&#8243;][\/et_pb_image][et_pb_text _builder_version=&#8221;3.29.3&#8243; hover_enabled=&#8221;0&#8243; _i=&#8221;1&#8243; _address=&#8221;0.0.1.1&#8243;]<\/p>\n<h3><span>Soner A.<\/span><\/h3>\n<p>[\/et_pb_text][\/et_pb_column][et_pb_column type=&#8221;1_4&#8243; _builder_version=&#8221;3.29.3&#8243; _i=&#8221;2&#8243; _address=&#8221;0.0.2&#8243;][et_pb_image src=&#8221;http:\/\/www.jenerasyonajans.com\/wp-content\/uploads\/2019\/09\/4-2.jpg&#8221; _builder_version=&#8221;3.29.3&#8243; box_shadow_style=&#8221;preset1&#8243; _i=&#8221;0&#8243; _address=&#8221;0.0.2.0&#8243;][\/et_pb_image][et_pb_text _builder_version=&#8221;3.29.3&#8243; hover_enabled=&#8221;0&#8243; _i=&#8221;1&#8243; _address=&#8221;0.0.2.1&#8243;]<\/p>\n<h3><span>Hakan D.<\/span><\/h3>\n<p><span>BOY:\u00a0<\/span><span>1.79\u00a0 \u00a0\u00a0<\/span><span>Kilo: 70\u00a0 \u00a0Ayak: 41\u00a0<\/span><\/p>\n<p>[\/et_pb_text][\/et_pb_column][et_pb_column type=&#8221;1_4&#8243; _builder_version=&#8221;3.29.3&#8243; _i=&#8221;3&#8243; _address=&#8221;0.0.3&#8243;][et_pb_image src=&#8221;http:\/\/www.jenerasyonajans.com\/wp-content\/uploads\/2019\/09\/5-3.jpg&#8221; _builder_version=&#8221;3.29.3&#8243; box_shadow_style=&#8221;preset1&#8243; _i=&#8221;0&#8243; _address=&#8221;0.0.3.0&#8243;][\/et_pb_image][et_pb_text _builder_version=&#8221;3.29.3&#8243; hover_enabled=&#8221;0&#8243; _i=&#8221;1&#8243; _address=&#8221;0.0.3.1&#8243;]<\/p>\n<h3>Atahan A.<\/h3>\n<p><span>BOY:\u00a0<\/span><span>1.85\u00a0 \u00a0\u00a0<\/span><span>Kilo: 75\u00a0 \u00a0Ayak: 43\u00a0<\/span><\/p>\n<p>[\/et_pb_text][\/et_pb_column][\/et_pb_row][et_pb_row column_structure=&#8221;1_4,1_4,1_4,1_4&#8243; _builder_version=&#8221;3.29.3&#8243; _i=&#8221;1&#8243; _address=&#8221;0.1&#8243;][et_pb_column type=&#8221;1_4&#8243; _builder_version=&#8221;3.29.3&#8243; _i=&#8221;0&#8243; _address=&#8221;0.1.0&#8243;][et_pb_image src=&#8221;http:\/\/www.jenerasyonajans.com\/wp-content\/uploads\/2019\/09\/6-2.jpg&#8221; _builder_version=&#8221;3.29.3&#8243; box_shadow_style=&#8221;preset1&#8243; _i=&#8221;0&#8243; _address=&#8221;0.1.0.0&#8243;][\/et_pb_image][et_pb_text _builder_version=&#8221;3.29.3&#8243; hover_enabled=&#8221;0&#8243; _i=&#8221;1&#8243; _address=&#8221;0.1.0.1&#8243;]<\/p>\n<h3><span>Emir K.<\/span><\/h3>\n<p><span>BOY:\u00a0<\/span><span>1.80\u00a0 \u00a0\u00a0<\/span><span>Kilo: 70\u00a0 \u00a0Ayak: 42\u00a0<\/span><\/p>\n<p>[\/et_pb_text][\/et_pb_column][et_pb_column type=&#8221;1_4&#8243; _builder_version=&#8221;3.29.3&#8243; _i=&#8221;1&#8243; _address=&#8221;0.1.1&#8243;][et_pb_image src=&#8221;http:\/\/www.jenerasyonajans.com\/wp-content\/uploads\/2019\/09\/7-2.jpg&#8221; _builder_version=&#8221;3.29.3&#8243; box_shadow_style=&#8221;preset1&#8243; _i=&#8221;0&#8243; _address=&#8221;0.1.1.0&#8243;][\/et_pb_image][et_pb_text _builder_version=&#8221;3.29.3&#8243; hover_enabled=&#8221;0&#8243; _i=&#8221;1&#8243; _address=&#8221;0.1.1.1&#8243;]<\/p>\n<h3><span>Emin S.<\/span><\/h3>\n<p><span>BOY:\u00a0<\/span><span>1.75\u00a0 \u00a0\u00a0<\/span><span>Kilo: 75\u00a0 \u00a0Ayak: 42\u00a0<\/span><\/p>\n<p>[\/et_pb_text][\/et_pb_column][et_pb_column type=&#8221;1_4&#8243; _builder_version=&#8221;3.29.3&#8243; _i=&#8221;2&#8243; _address=&#8221;0.1.2&#8243;][et_pb_image src=&#8221;http:\/\/www.jenerasyonajans.com\/wp-content\/uploads\/2019\/09\/8-2.jpg&#8221; _builder_version=&#8221;3.29.3&#8243; box_shadow_style=&#8221;preset1&#8243; _i=&#8221;0&#8243; _address=&#8221;0.1.2.0&#8243;][\/et_pb_image][et_pb_text _builder_version=&#8221;3.29.3&#8243; hover_enabled=&#8221;0&#8243; _i=&#8221;1&#8243; _address=&#8221;0.1.2.1&#8243;]<\/p>\n<h3><span>Faruk A.<\/span><\/h3>\n<p><span>BOY:\u00a0<\/span><span>1.76\u00a0 \u00a0\u00a0<\/span><span>Kilo: 61\u00a0 \u00a0Ayak: 43\u00a0<\/span><\/p>\n<p>[\/et_pb_text][\/et_pb_column][et_pb_column type=&#8221;1_4&#8243; _builder_version=&#8221;3.29.3&#8243; _i=&#8221;3&#8243; _address=&#8221;0.1.3&#8243;][et_pb_image src=&#8221;http:\/\/www.jenerasyonajans.com\/wp-content\/uploads\/2019\/09\/12-2.jpg&#8221; _builder_version=&#8221;3.29.3&#8243; box_shadow_style=&#8221;preset1&#8243; _i=&#8221;0&#8243; _address=&#8221;0.1.3.0&#8243;][\/et_pb_image][et_pb_text _builder_version=&#8221;3.29.3&#8243; hover_enabled=&#8221;0&#8243; _i=&#8221;1&#8243; _address=&#8221;0.1.3.1&#8243;]<\/p>\n<h3><span>Kaan A.<\/span><\/h3>\n<p><span>BOY:\u00a0<\/span><span>1.78\u00a0 \u00a0\u00a0<\/span><span>Kilo: 80\u00a0 \u00a0Ayak: 43<\/span><\/p>\n<p>[\/et_pb_text][\/et_pb_column][\/et_pb_row][et_pb_row column_structure=&#8221;1_4,1_4,1_4,1_4&#8243; _builder_version=&#8221;3.29.3&#8243; _i=&#8221;2&#8243; _address=&#8221;0.2&#8243;][et_pb_column type=&#8221;1_4&#8243; _builder_version=&#8221;3.29.3&#8243; _i=&#8221;0&#8243; _address=&#8221;0.2.0&#8243;][et_pb_image src=&#8221;http:\/\/www.jenerasyonajans.com\/wp-content\/uploads\/2019\/09\/13.jpg&#8221; _builder_version=&#8221;3.29.3&#8243; box_shadow_style=&#8221;preset1&#8243; _i=&#8221;0&#8243; _address=&#8221;0.2.0.0&#8243;][\/et_pb_image][et_pb_text _builder_version=&#8221;3.29.3&#8243; hover_enabled=&#8221;0&#8243; _i=&#8221;1&#8243; _address=&#8221;0.2.0.1&#8243;]<\/p>\n<h3><span>Ali B.<\/span><\/h3>\n<p><span>BOY:\u00a0<\/span><span>1.80\u00a0 \u00a0\u00a0<\/span><span>Kilo: 69\u00a0 \u00a0Ayak: 45\u00a0<\/span><\/p>\n<p>[\/et_pb_text][\/et_pb_column][et_pb_column type=&#8221;1_4&#8243; _builder_version=&#8221;3.29.3&#8243; _i=&#8221;1&#8243; _address=&#8221;0.2.1&#8243;][et_pb_image src=&#8221;http:\/\/www.jenerasyonajans.com\/wp-content\/uploads\/2019\/09\/10-2.jpg&#8221; _builder_version=&#8221;3.29.3&#8243; box_shadow_style=&#8221;preset1&#8243; _i=&#8221;0&#8243; _address=&#8221;0.2.1.0&#8243;][\/et_pb_image][et_pb_text _builder_version=&#8221;3.29.3&#8243; hover_enabled=&#8221;0&#8243; _i=&#8221;1&#8243; _address=&#8221;0.2.1.1&#8243;]<\/p>\n<h3><span>Atakan T.<\/span><\/h3>\n<p><span>BOY:\u00a0<\/span><span>1.80\u00a0 \u00a0\u00a0<\/span><span>Kilo: 60\u00a0 \u00a0Ayak: 42\u00a0<\/span><\/p>\n<p>[\/et_pb_text][\/et_pb_column][et_pb_column type=&#8221;1_4&#8243; _builder_version=&#8221;3.29.3&#8243; _i=&#8221;2&#8243; _address=&#8221;0.2.2&#8243;][et_pb_image src=&#8221;http:\/\/www.jenerasyonajans.com\/wp-content\/uploads\/2019\/09\/3-2.jpg&#8221; _builder_version=&#8221;3.29.3&#8243; box_shadow_style=&#8221;preset1&#8243; _i=&#8221;0&#8243; _address=&#8221;0.2.2.0&#8243;][\/et_pb_image][et_pb_text _builder_version=&#8221;3.29.3&#8243; hover_enabled=&#8221;0&#8243; _i=&#8221;1&#8243; _address=&#8221;0.2.2.1&#8243;]<\/p>\n<h3><span>Cihat C.<\/span><\/h3>\n<p><span>BOY:\u00a0<\/span><span>1.88\u00a0 \u00a0\u00a0<\/span><span>Kilo: 80\u00a0 \u00a0Ayak: 41<\/span><\/p>\n<p>[\/et_pb_text][\/et_pb_column][et_pb_column type=&#8221;1_4&#8243; _builder_version=&#8221;3.29.3&#8243; _i=&#8221;3&#8243; _address=&#8221;0.2.3&#8243;][et_pb_image src=&#8221;http:\/\/www.jenerasyonajans.com\/wp-content\/uploads\/2019\/09\/11-2.jpg&#8221; _builder_version=&#8221;3.29.3&#8243; box_shadow_style=&#8221;preset1&#8243; _i=&#8221;0&#8243; _address=&#8221;0.2.3.0&#8243;][\/et_pb_image][et_pb_text _builder_version=&#8221;3.29.3&#8243; hover_enabled=&#8221;0&#8243; _i=&#8221;1&#8243; _address=&#8221;0.2.3.1&#8243;]<\/p>\n<h3><span>Berkan S.<\/span><\/h3>\n<p><span>BOY:\u00a0<\/span><span>1.82\u00a0 \u00a0\u00a0<\/span><span>Kilo: 75\u00a0 \u00a0Ayak: 43\u00a0<\/span><\/p>\n<p>[\/et_pb_text][\/et_pb_column][\/et_pb_row][\/et_pb_section]<\/p>\n","protected":false},"excerpt":{"rendered":"<p>[et_pb_section fb_built=&#8221;1&#8243; _builder_version=&#8221;3.29.3&#8243; use_background_color_gradient=&#8221;on&#8221; background_color_gradient_start=&#8221;#ffffff&#8221; background_color_gradient_end=&#8221;rgba(118,166,193,0.61)&#8221; background_color_gradient_direction=&#8221;116deg&#8221; fb_built=&#8221;1&#8243; _i=&#8221;0&#8243; _address=&#8221;0&#8243;][et_pb_row column_structure=&#8221;1_4,1_4,1_4,1_4&#8243; _builder_version=&#8221;3.29.3&#8243; _i=&#8221;0&#8243; _address=&#8221;0.0&#8243;][et_pb_column type=&#8221;1_4&#8243; _builder_version=&#8221;3.29.3&#8243; _i=&#8221;0&#8243; _address=&#8221;0.0.0&#8243;][et_pb_image src=&#8221;http:\/\/www.jenerasyonajans.com\/wp-content\/uploads\/2019\/09\/1-2.jpg&#8221; _builder_version=&#8221;3.29.3&#8243; box_shadow_style=&#8221;preset1&#8243; _i=&#8221;0&#8243; _address=&#8221;0.0.0.0&#8243;][\/et_pb_image][et_pb_text _builder_version=&#8221;3.29.3&#8243; hover_enabled=&#8221;0&#8243; _i=&#8221;1&#8243; _address=&#8221;0.0.0.1&#8243;] \u00c7a\u011fr\u0131 \u0130. BOY:\u00a01.85\u00a0 \u00a0\u00a0Kilo: 84\u00a0 \u00a0Ayak: 45\u00a0 [\/et_pb_text][\/et_pb_column][et_pb_column type=&#8221;1_4&#8243; _builder_version=&#8221;3.29.3&#8243; _i=&#8221;1&#8243; _address=&#8221;0.0.1&#8243;][et_pb_image src=&#8221;http:\/\/www.jenerasyonajans.com\/wp-content\/uploads\/2019\/09\/9-2.jpg&#8221; _builder_version=&#8221;3.29.3&#8243; box_shadow_style=&#8221;preset1&#8243; _i=&#8221;0&#8243; _address=&#8221;0.0.1.0&#8243;][\/et_pb_image][et_pb_text _builder_version=&#8221;3.29.3&#8243; hover_enabled=&#8221;0&#8243; _i=&#8221;1&#8243; _address=&#8221;0.0.1.1&#8243;] Soner A. [\/et_pb_text][\/et_pb_column][et_pb_column type=&#8221;1_4&#8243; _builder_version=&#8221;3.29.3&#8243; _i=&#8221;2&#8243; _address=&#8221;0.0.2&#8243;][et_pb_image [&hellip;]<\/p>\n","protected":false},"author":1,"featured_media":0,"parent":0,"menu_order":0,"comment_status":"closed","ping_status":"closed","template":"","meta":{"_et_pb_use_builder":"on","_et_pb_old_content":"<!-- wp:divi\/placeholder \/-->","footnotes":""},"class_list":["post-57","page","type-page","status-publish","hentry"],"_links":{"self":[{"href":"https:\/\/www.jenerasyonajans.com\/index.php\/wp-json\/wp\/v2\/pages\/57"}],"collection":[{"href":"https:\/\/www.jenerasyonajans.com\/index.php\/wp-json\/wp\/v2\/pages"}],"about":[{"href":"https:\/\/www.jenerasyonajans.com\/index.php\/wp-json\/wp\/v2\/types\/page"}],"author":[{"embeddable":true,"href":"https:\/\/www.jenerasyonajans.com\/index.php\/wp-json\/wp\/v2\/users\/1"}],"replies":[{"embeddable":true,"href":"https:\/\/www.jenerasyonajans.com\/index.php\/wp-json\/wp\/v2\/comments?post=57"}],"version-history":[{"count":8,"href":"https:\/\/www.jenerasyonajans.com\/index.php\/wp-json\/wp\/v2\/pages\/57\/revisions"}],"predecessor-version":[{"id":313,"href":"https:\/\/www.jenerasyonajans.com\/index.php\/wp-json\/wp\/v2\/pages\/57\/revisions\/313"}],"wp:attachment":[{"href":"https:\/\/www.jenerasyonajans.com\/index.php\/wp-json\/wp\/v2\/media?parent=57"}],"curies":[{"name":"wp","href":"https:\/\/api.w.org\/{rel}","templated":true}]}}