{"id":53,"date":"2019-09-19T23:46:39","date_gmt":"2019-09-19T20:46:39","guid":{"rendered":"http:\/\/www.jenerasyonajans.com\/?page_id=53"},"modified":"2019-09-28T17:25:29","modified_gmt":"2019-09-28T14:25:29","slug":"cast","status":"publish","type":"page","link":"https:\/\/www.jenerasyonajans.com\/index.php\/cast\/","title":{"rendered":"Top Modeller"},"content":{"rendered":"<p>[et_pb_section fb_built=&#8221;1&#8243; _builder_version=&#8221;3.29.3&#8243; fb_built=&#8221;1&#8243; _i=&#8221;0&#8243; _address=&#8221;0&#8243;][et_pb_row column_structure=&#8221;1_4,1_4,1_4,1_4&#8243; _builder_version=&#8221;3.29.3&#8243; _i=&#8221;0&#8243; _address=&#8221;0.0&#8243;][et_pb_column type=&#8221;1_4&#8243; _builder_version=&#8221;3.29.3&#8243; _i=&#8221;0&#8243; _address=&#8221;0.0.0&#8243;][et_pb_image src=&#8221;http:\/\/www.jenerasyonajans.com\/wp-content\/uploads\/2019\/09\/1.png&#8221; _builder_version=&#8221;3.29.3&#8243; box_shadow_style=&#8221;preset1&#8243; _i=&#8221;0&#8243; _address=&#8221;0.0.0.0&#8243;][\/et_pb_image][et_pb_text _builder_version=&#8221;3.29.3&#8243; _i=&#8221;1&#8243; _address=&#8221;0.0.0.1&#8243;]<\/p>\n<h3 style=\"text-align: center;\"><span>Karolina<\/span><\/h3>\n<p><span>BOY:\u00a0<\/span><span>1.75\u00a0\u00a0<\/span>G\u00f6\u011f\u00fcs: 83 Bel: 65 Basen:\u00a0 95 Beden: 36 &#8211; 38<\/p>\n<p>[\/et_pb_text][\/et_pb_column][et_pb_column type=&#8221;1_4&#8243; _builder_version=&#8221;3.29.3&#8243; _i=&#8221;1&#8243; _address=&#8221;0.0.1&#8243;][et_pb_image src=&#8221;http:\/\/www.jenerasyonajans.com\/wp-content\/uploads\/2019\/09\/2.png&#8221; _builder_version=&#8221;3.29.3&#8243; box_shadow_style=&#8221;preset1&#8243; _i=&#8221;0&#8243; _address=&#8221;0.0.1.0&#8243;][\/et_pb_image][et_pb_text _builder_version=&#8221;3.29.3&#8243; _i=&#8221;1&#8243; _address=&#8221;0.0.1.1&#8243;]<\/p>\n<h3 style=\"text-align: center;\"><span>Ksenia<\/span><\/h3>\n<p><span>BOY:\u00a0<\/span><span>1.75\u00a0\u00a0<\/span>G\u00f6\u011f\u00fcs: 83 Bel: 65 Basen:\u00a0 95 Beden: 36 &#8211; 38<\/p>\n<p>[\/et_pb_text][\/et_pb_column][et_pb_column type=&#8221;1_4&#8243; _builder_version=&#8221;3.29.3&#8243; _i=&#8221;2&#8243; _address=&#8221;0.0.2&#8243;][et_pb_image src=&#8221;http:\/\/www.jenerasyonajans.com\/wp-content\/uploads\/2019\/09\/3.png&#8221; _builder_version=&#8221;3.29.3&#8243; box_shadow_style=&#8221;preset1&#8243; _i=&#8221;0&#8243; _address=&#8221;0.0.2.0&#8243;][\/et_pb_image][et_pb_text _builder_version=&#8221;3.29.3&#8243; _i=&#8221;1&#8243; _address=&#8221;0.0.2.1&#8243;]<\/p>\n<h3 style=\"text-align: center;\"><span>Nastya<\/span><\/h3>\n<p><span>BOY:\u00a0<\/span><span>1.73\u00a0\u00a0<\/span>G\u00f6\u011f\u00fcs: 87 Bel: 61 Basen:\u00a0 92 Beden: 36 &#8211; 38<\/p>\n<p>[\/et_pb_text][\/et_pb_column][et_pb_column type=&#8221;1_4&#8243; _builder_version=&#8221;3.29.3&#8243; _i=&#8221;3&#8243; _address=&#8221;0.0.3&#8243;][et_pb_image src=&#8221;http:\/\/www.jenerasyonajans.com\/wp-content\/uploads\/2019\/09\/4.png&#8221; _builder_version=&#8221;3.29.3&#8243; box_shadow_style=&#8221;preset1&#8243; _i=&#8221;0&#8243; _address=&#8221;0.0.3.0&#8243;][\/et_pb_image][et_pb_text _builder_version=&#8221;3.29.3&#8243; _i=&#8221;1&#8243; _address=&#8221;0.0.3.1&#8243;]<\/p>\n<h3 style=\"text-align: center;\"><span>Dijora<\/span><\/h3>\n<p><span>BOY:\u00a0<\/span><span>1.77\u00a0\u00a0<\/span>G\u00f6\u011f\u00fcs: 85 Bel: 60 Basen:\u00a0 90 Beden: 36 &#8211; 38<\/p>\n<p>[\/et_pb_text][\/et_pb_column][\/et_pb_row][et_pb_row column_structure=&#8221;1_4,1_4,1_4,1_4&#8243; _builder_version=&#8221;3.29.3&#8243; _i=&#8221;1&#8243; _address=&#8221;0.1&#8243;][et_pb_column type=&#8221;1_4&#8243; _builder_version=&#8221;3.29.3&#8243; _i=&#8221;0&#8243; _address=&#8221;0.1.0&#8243;][et_pb_image src=&#8221;http:\/\/www.jenerasyonajans.com\/wp-content\/uploads\/2019\/09\/5.png&#8221; _builder_version=&#8221;3.29.3&#8243; box_shadow_style=&#8221;preset1&#8243; _i=&#8221;0&#8243; _address=&#8221;0.1.0.0&#8243;][\/et_pb_image][et_pb_text _builder_version=&#8221;3.29.3&#8243; _i=&#8221;1&#8243; _address=&#8221;0.1.0.1&#8243;]<\/p>\n<h3 style=\"text-align: center;\"><span>Olesia<\/span><\/h3>\n<p><span>BOY:\u00a0<\/span><span>1.72\u00a0\u00a0<\/span>G\u00f6\u011f\u00fcs: 87 Bel: 64 Basen:\u00a0 91 Beden: 36 &#8211; 38<\/p>\n<p>[\/et_pb_text][\/et_pb_column][et_pb_column type=&#8221;1_4&#8243; _builder_version=&#8221;3.29.3&#8243; _i=&#8221;1&#8243; _address=&#8221;0.1.1&#8243;][et_pb_image src=&#8221;http:\/\/www.jenerasyonajans.com\/wp-content\/uploads\/2019\/09\/6.png&#8221; _builder_version=&#8221;3.29.3&#8243; box_shadow_style=&#8221;preset1&#8243; _i=&#8221;0&#8243; _address=&#8221;0.1.1.0&#8243;][\/et_pb_image][et_pb_text _builder_version=&#8221;3.29.3&#8243; _i=&#8221;1&#8243; _address=&#8221;0.1.1.1&#8243;]<\/p>\n<h3 style=\"text-align: center;\"><span>Sofia<\/span><\/h3>\n<p><span>BOY:\u00a0<\/span><span>1.71\u00a0\u00a0<\/span>G\u00f6\u011f\u00fcs: 92 Bel: 63 Basen:\u00a0 93 Beden: 36 &#8211; 38<\/p>\n<p>[\/et_pb_text][\/et_pb_column][et_pb_column type=&#8221;1_4&#8243; _builder_version=&#8221;3.29.3&#8243; _i=&#8221;2&#8243; _address=&#8221;0.1.2&#8243;][et_pb_image src=&#8221;http:\/\/www.jenerasyonajans.com\/wp-content\/uploads\/2019\/09\/7.png&#8221; _builder_version=&#8221;3.29.3&#8243; box_shadow_style=&#8221;preset1&#8243; _i=&#8221;0&#8243; _address=&#8221;0.1.2.0&#8243;][\/et_pb_image][et_pb_text _builder_version=&#8221;3.29.3&#8243; _i=&#8221;1&#8243; _address=&#8221;0.1.2.1&#8243;]<\/p>\n<h3 style=\"text-align: center;\"><span>Emma<\/span><\/h3>\n<p><span>BOY:\u00a0<\/span><span>1.78\u00a0\u00a0<\/span>G\u00f6\u011f\u00fcs: 86 Bel: 64 Basen:\u00a0 92 Beden: 36 &#8211; 38<\/p>\n<p>[\/et_pb_text][\/et_pb_column][et_pb_column type=&#8221;1_4&#8243; _builder_version=&#8221;3.29.3&#8243; _i=&#8221;3&#8243; _address=&#8221;0.1.3&#8243;][et_pb_image src=&#8221;http:\/\/www.jenerasyonajans.com\/wp-content\/uploads\/2019\/09\/8.png&#8221; _builder_version=&#8221;3.29.3&#8243; box_shadow_style=&#8221;preset1&#8243; _i=&#8221;0&#8243; _address=&#8221;0.1.3.0&#8243;][\/et_pb_image][et_pb_text _builder_version=&#8221;3.29.3&#8243; _i=&#8221;1&#8243; _address=&#8221;0.1.3.1&#8243;]<\/p>\n<h3 style=\"text-align: center;\"><span>Marit<\/span><\/h3>\n<p><span>BOY:\u00a0<\/span><span>1.73\u00a0\u00a0<\/span>G\u00f6\u011f\u00fcs: 93 Bel: 64 Basen:\u00a0 93 Beden: 36 &#8211; 38<\/p>\n<p>[\/et_pb_text][\/et_pb_column][\/et_pb_row][et_pb_row column_structure=&#8221;1_4,1_4,1_4,1_4&#8243; _builder_version=&#8221;3.29.3&#8243; _i=&#8221;2&#8243; _address=&#8221;0.2&#8243;][et_pb_column type=&#8221;1_4&#8243; _builder_version=&#8221;3.29.3&#8243; _i=&#8221;0&#8243; _address=&#8221;0.2.0&#8243;][et_pb_image src=&#8221;http:\/\/www.jenerasyonajans.com\/wp-content\/uploads\/2019\/09\/9.png&#8221; _builder_version=&#8221;3.29.3&#8243; box_shadow_style=&#8221;preset1&#8243; _i=&#8221;0&#8243; _address=&#8221;0.2.0.0&#8243;][\/et_pb_image][et_pb_text _builder_version=&#8221;3.29.3&#8243; _i=&#8221;1&#8243; _address=&#8221;0.2.0.1&#8243;]<\/p>\n<h3 style=\"text-align: center;\"><span>Samatha<\/span><\/h3>\n<p><span>BOY:\u00a0<\/span><span>1.76\u00a0\u00a0<\/span>G\u00f6\u011f\u00fcs: 82 Bel: 62 Basen:\u00a0 92 Beden: 36 &#8211; 38<\/p>\n<p>[\/et_pb_text][\/et_pb_column][et_pb_column type=&#8221;1_4&#8243; _builder_version=&#8221;3.29.3&#8243; _i=&#8221;1&#8243; _address=&#8221;0.2.1&#8243;][et_pb_image src=&#8221;http:\/\/www.jenerasyonajans.com\/wp-content\/uploads\/2019\/09\/10.png&#8221; _builder_version=&#8221;3.29.3&#8243; box_shadow_style=&#8221;preset1&#8243; _i=&#8221;0&#8243; _address=&#8221;0.2.1.0&#8243;][\/et_pb_image][et_pb_text _builder_version=&#8221;3.29.3&#8243; _i=&#8221;1&#8243; _address=&#8221;0.2.1.1&#8243;]<\/p>\n<h3 style=\"text-align: center;\"><span>Angela<\/span><\/h3>\n<p><span>BOY:\u00a0<\/span><span>1.75\u00a0\u00a0<\/span>G\u00f6\u011f\u00fcs: 91 Bel: 64 Basen:\u00a0 95 Beden: 36 &#8211; 38<\/p>\n<p>[\/et_pb_text][\/et_pb_column][et_pb_column type=&#8221;1_4&#8243; _builder_version=&#8221;3.29.3&#8243; _i=&#8221;2&#8243; _address=&#8221;0.2.2&#8243;][et_pb_image src=&#8221;http:\/\/www.jenerasyonajans.com\/wp-content\/uploads\/2019\/09\/11.png&#8221; _builder_version=&#8221;3.29.3&#8243; box_shadow_style=&#8221;preset1&#8243; _i=&#8221;0&#8243; _address=&#8221;0.2.2.0&#8243;][\/et_pb_image][et_pb_text _builder_version=&#8221;3.29.3&#8243; _i=&#8221;1&#8243; _address=&#8221;0.2.2.1&#8243;]<\/p>\n<h3 style=\"text-align: center;\"><span>Laura<\/span><\/h3>\n<p><span>BOY:\u00a0<\/span><span>1.75\u00a0\u00a0<\/span>G\u00f6\u011f\u00fcs: 90 Bel: 65 Basen:\u00a0 94 Beden: 36 &#8211; 38<\/p>\n<p>[\/et_pb_text][\/et_pb_column][et_pb_column type=&#8221;1_4&#8243; _builder_version=&#8221;3.29.3&#8243; _i=&#8221;3&#8243; _address=&#8221;0.2.3&#8243;][et_pb_image src=&#8221;http:\/\/www.jenerasyonajans.com\/wp-content\/uploads\/2019\/09\/12.png&#8221; _builder_version=&#8221;3.29.3&#8243; box_shadow_style=&#8221;preset1&#8243; _i=&#8221;0&#8243; _address=&#8221;0.2.3.0&#8243;][\/et_pb_image][et_pb_text _builder_version=&#8221;3.29.3&#8243; _i=&#8221;1&#8243; _address=&#8221;0.2.3.1&#8243;]<\/p>\n<h3 style=\"text-align: center;\"><span>Anna<\/span><\/h3>\n<p><span>BOY:\u00a0<\/span><span>1.77\u00a0\u00a0<\/span>G\u00f6\u011f\u00fcs: 86 Bel: 62 Basen:\u00a0 95 Beden: 36 &#8211; 38<\/p>\n<p>[\/et_pb_text][\/et_pb_column][\/et_pb_row][et_pb_row column_structure=&#8221;1_4,1_4,1_4,1_4&#8243; _builder_version=&#8221;3.29.3&#8243; _i=&#8221;3&#8243; _address=&#8221;0.3&#8243;][et_pb_column type=&#8221;1_4&#8243; _builder_version=&#8221;3.29.3&#8243; _i=&#8221;0&#8243; _address=&#8221;0.3.0&#8243;][et_pb_image src=&#8221;http:\/\/www.jenerasyonajans.com\/wp-content\/uploads\/2019\/09\/13.png&#8221; _builder_version=&#8221;3.29.3&#8243; box_shadow_style=&#8221;preset1&#8243; _i=&#8221;0&#8243; _address=&#8221;0.3.0.0&#8243;][\/et_pb_image][et_pb_text _builder_version=&#8221;3.29.3&#8243; _i=&#8221;1&#8243; _address=&#8221;0.3.0.1&#8243;]<\/p>\n<h3 style=\"text-align: center;\">Alexandra<\/h3>\n<p><span>BOY:\u00a0<\/span><span>1.73\u00a0\u00a0<\/span>G\u00f6\u011f\u00fcs: 89 Bel: 61 Basen:\u00a0 90 Beden: 36 &#8211; 38<\/p>\n<p>[\/et_pb_text][\/et_pb_column][et_pb_column type=&#8221;1_4&#8243; _builder_version=&#8221;3.29.3&#8243; _i=&#8221;1&#8243; _address=&#8221;0.3.1&#8243;][et_pb_image src=&#8221;http:\/\/www.jenerasyonajans.com\/wp-content\/uploads\/2019\/09\/14.png&#8221; _builder_version=&#8221;3.29.3&#8243; box_shadow_style=&#8221;preset1&#8243; _i=&#8221;0&#8243; _address=&#8221;0.3.1.0&#8243;][\/et_pb_image][et_pb_text _builder_version=&#8221;3.29.3&#8243; _i=&#8221;1&#8243; _address=&#8221;0.3.1.1&#8243;]<\/p>\n<h3 style=\"text-align: center;\"><span>Dajana<\/span><\/h3>\n<p><span>BOY:\u00a0<\/span><span>1.75\u00a0\u00a0<\/span>G\u00f6\u011f\u00fcs: 83 Bel: 65 Basen:\u00a0 95 Beden: 36 &#8211; 38<\/p>\n<p>[\/et_pb_text][\/et_pb_column][et_pb_column type=&#8221;1_4&#8243; _builder_version=&#8221;3.29.3&#8243; _i=&#8221;2&#8243; _address=&#8221;0.3.2&#8243;][et_pb_image src=&#8221;http:\/\/www.jenerasyonajans.com\/wp-content\/uploads\/2019\/09\/15.png&#8221; _builder_version=&#8221;3.29.3&#8243; box_shadow_style=&#8221;preset1&#8243; _i=&#8221;0&#8243; _address=&#8221;0.3.2.0&#8243;][\/et_pb_image][et_pb_text _builder_version=&#8221;3.29.3&#8243; _i=&#8221;1&#8243; _address=&#8221;0.3.2.1&#8243;]<\/p>\n<h3 style=\"text-align: center;\"><span>Camilla<\/span><\/h3>\n<p><span>BOY:\u00a0<\/span><span>1.71\u00a0\u00a0<\/span>G\u00f6\u011f\u00fcs: 84 Bel: 61 Basen:\u00a0 91 Beden: 36 &#8211; 38<\/p>\n<p>[\/et_pb_text][\/et_pb_column][et_pb_column type=&#8221;1_4&#8243; _builder_version=&#8221;3.29.3&#8243; _i=&#8221;3&#8243; _address=&#8221;0.3.3&#8243;][et_pb_image src=&#8221;http:\/\/www.jenerasyonajans.com\/wp-content\/uploads\/2019\/09\/16.png&#8221; _builder_version=&#8221;3.29.3&#8243; box_shadow_style=&#8221;preset1&#8243; _i=&#8221;0&#8243; _address=&#8221;0.3.3.0&#8243;][\/et_pb_image][et_pb_text _builder_version=&#8221;3.29.3&#8243; _i=&#8221;1&#8243; _address=&#8221;0.3.3.1&#8243;]<\/p>\n<h3 style=\"text-align: center;\">Iryna<\/h3>\n<p><span>BOY:\u00a0<\/span><span>1.75\u00a0\u00a0<\/span>G\u00f6\u011f\u00fcs: 83 Bel: 65 Basen:\u00a0 95 Beden: 36 &#8211; 38<\/p>\n<p>[\/et_pb_text][\/et_pb_column][\/et_pb_row][\/et_pb_section]<\/p>\n","protected":false},"excerpt":{"rendered":"<p>[et_pb_section fb_built=&#8221;1&#8243; _builder_version=&#8221;3.29.3&#8243; fb_built=&#8221;1&#8243; _i=&#8221;0&#8243; _address=&#8221;0&#8243;][et_pb_row column_structure=&#8221;1_4,1_4,1_4,1_4&#8243; _builder_version=&#8221;3.29.3&#8243; _i=&#8221;0&#8243; _address=&#8221;0.0&#8243;][et_pb_column type=&#8221;1_4&#8243; _builder_version=&#8221;3.29.3&#8243; _i=&#8221;0&#8243; _address=&#8221;0.0.0&#8243;][et_pb_image src=&#8221;http:\/\/www.jenerasyonajans.com\/wp-content\/uploads\/2019\/09\/1.png&#8221; _builder_version=&#8221;3.29.3&#8243; box_shadow_style=&#8221;preset1&#8243; _i=&#8221;0&#8243; _address=&#8221;0.0.0.0&#8243;][\/et_pb_image][et_pb_text _builder_version=&#8221;3.29.3&#8243; _i=&#8221;1&#8243; _address=&#8221;0.0.0.1&#8243;] Karolina BOY:\u00a01.75\u00a0\u00a0G\u00f6\u011f\u00fcs: 83 Bel: 65 Basen:\u00a0 95 Beden: 36 &#8211; 38 [\/et_pb_text][\/et_pb_column][et_pb_column type=&#8221;1_4&#8243; _builder_version=&#8221;3.29.3&#8243; _i=&#8221;1&#8243; _address=&#8221;0.0.1&#8243;][et_pb_image src=&#8221;http:\/\/www.jenerasyonajans.com\/wp-content\/uploads\/2019\/09\/2.png&#8221; _builder_version=&#8221;3.29.3&#8243; box_shadow_style=&#8221;preset1&#8243; _i=&#8221;0&#8243; _address=&#8221;0.0.1.0&#8243;][\/et_pb_image][et_pb_text _builder_version=&#8221;3.29.3&#8243; _i=&#8221;1&#8243; _address=&#8221;0.0.1.1&#8243;] Ksenia BOY:\u00a01.75\u00a0\u00a0G\u00f6\u011f\u00fcs: 83 Bel: 65 Basen:\u00a0 95 Beden: 36 [&hellip;]<\/p>\n","protected":false},"author":1,"featured_media":0,"parent":0,"menu_order":0,"comment_status":"closed","ping_status":"closed","template":"","meta":{"_et_pb_use_builder":"on","_et_pb_old_content":"<!-- wp:divi\/placeholder \/-->","footnotes":""},"class_list":["post-53","page","type-page","status-publish","hentry"],"_links":{"self":[{"href":"https:\/\/www.jenerasyonajans.com\/index.php\/wp-json\/wp\/v2\/pages\/53"}],"collection":[{"href":"https:\/\/www.jenerasyonajans.com\/index.php\/wp-json\/wp\/v2\/pages"}],"about":[{"href":"https:\/\/www.jenerasyonajans.com\/index.php\/wp-json\/wp\/v2\/types\/page"}],"author":[{"embeddable":true,"href":"https:\/\/www.jenerasyonajans.com\/index.php\/wp-json\/wp\/v2\/users\/1"}],"replies":[{"embeddable":true,"href":"https:\/\/www.jenerasyonajans.com\/index.php\/wp-json\/wp\/v2\/comments?post=53"}],"version-history":[{"count":8,"href":"https:\/\/www.jenerasyonajans.com\/index.php\/wp-json\/wp\/v2\/pages\/53\/revisions"}],"predecessor-version":[{"id":316,"href":"https:\/\/www.jenerasyonajans.com\/index.php\/wp-json\/wp\/v2\/pages\/53\/revisions\/316"}],"wp:attachment":[{"href":"https:\/\/www.jenerasyonajans.com\/index.php\/wp-json\/wp\/v2\/media?parent=53"}],"curies":[{"name":"wp","href":"https:\/\/api.w.org\/{rel}","templated":true}]}}